{"id":1442,"date":"2021-03-29T16:52:46","date_gmt":"2021-03-29T14:52:46","guid":{"rendered":"https:\/\/owm-oneforyou.de\/coaching\/"},"modified":"2024-01-22T10:35:30","modified_gmt":"2024-01-22T09:35:30","slug":"coaching","status":"publish","type":"page","link":"https:\/\/owm-oneforyou.de\/es\/coaching\/","title":{"rendered":"Coaching"},"content":{"rendered":"\n<section class=\"wp-block-uagb-columns uagb-columns__wrap uagb-columns__background-undefined uagb-columns__stack-mobile uagb-columns__valign-center uagb-columns__gap-10 alignfull uagb-block-756baadc\"><div class=\"uagb-columns__overlay\"><\/div><div class=\"uagb-columns__inner-wrap uagb-columns__columns-2\">\n<div class=\"wp-block-uagb-column uagb-column__wrap uagb-column__background-undefined uagb-block-23a34279 animated fadeInLeft duration2 eds-on-scroll\"><div class=\"uagb-column__overlay\"><\/div><div class=\"uagb-column__inner-wrap\">\n<div class=\"wp-block-image is-style-rounded\"><figure class=\"aligncenter size-large\"><img decoding=\"async\" width=\"500\" height=\"500\" src=\"https:\/\/owm-oneforyou.de\/wp-content\/uploads\/2021\/03\/loesungsorientiert-coaching.png\" alt=\"Coaching a trav&#xE9;s de la psicolog&#xED;a integrada orientada a las soluciones\" class=\"wp-image-401\" srcset=\"https:\/\/owm-oneforyou.de\/wp-content\/uploads\/2021\/03\/loesungsorientiert-coaching.png 500w, https:\/\/owm-oneforyou.de\/wp-content\/uploads\/2021\/03\/loesungsorientiert-coaching-300x300.png 300w, https:\/\/owm-oneforyou.de\/wp-content\/uploads\/2021\/03\/loesungsorientiert-coaching-150x150.png 150w\" sizes=\"(max-width: 500px) 100vw, 500px\" \/><\/figure><\/div>\n<\/div><\/div>\n\n\n\n<div class=\"wp-block-uagb-column uagb-column__wrap uagb-column__background-undefined uagb-block-d7951b4a animated fadeInRight duration2 eds-on-scroll\"><div class=\"uagb-column__overlay\"><\/div><div class=\"uagb-column__inner-wrap\">\n<h2 class=\"wp-block-heading\">Coaching &#8211; No trabajamos para usted, sino con usted.<\/h2>\n\n\n\n<h4 class=\"has-text-color wp-block-heading\" style=\"color:#6e3beb\"><strong>Psicolog\u00eda integrada orientada a soluciones.<\/strong><\/h4>\n\n\n\n<p>El concepto <strong>ILP<\/strong> (<strong>P<\/strong>sicolog\u00eda <strong>I<\/strong>ntegrada Orientada a <strong>S<\/strong>oluciones) es pr\u00e1ctico y est\u00e1 orientado a cada persona individualmente.<\/p>\n<\/div><\/div>\n<\/div><\/section>\n\n<section class=\"wp-block-uagb-columns uagb-columns__wrap uagb-columns__background-undefined uagb-columns__stack-mobile uagb-columns__valign-undefined uagb-columns__gap-10 alignfull uagb-block-a4b87f04\"><div class=\"uagb-columns__overlay\"><\/div><div class=\"uagb-columns__inner-wrap uagb-columns__columns-2\">\n<div class=\"wp-block-uagb-column uagb-column__wrap uagb-column__background-undefined uagb-block-9f35e7a1\"><div class=\"uagb-column__overlay\"><\/div><div class=\"uagb-column__inner-wrap\"><\/div><\/div>\n\n\n\n<div class=\"wp-block-uagb-column uagb-column__wrap uagb-column__background-undefined uagb-block-bbd8052b animated fadeInUp duration2 eds-on-scroll\"><div class=\"uagb-column__overlay\"><\/div><div class=\"uagb-column__inner-wrap\">\n<p>El Dr. Friedman, fundador de ILP, combin\u00f3 m\u00e9todos de terapia orientados a soluciones en una terapia corta altamente eficaz, basada en la evidencia. Para ello, se integran tres procedimientos: la terapia orientada a soluciones seg\u00fan de Shazer, la terapia sist\u00e9mica y los cambios profundos y psicol\u00f3gicamente eficaces en los controles mentales. La terapia orientada a soluciones seg\u00fan Steve de Shazer e Imsoo Kim Berg est\u00e1 clasificada como terapia sist\u00e9mica. Se utilizan m\u00e9todos orientados a soluciones para fomentar la activaci\u00f3n de recursos del cliente, ya que se supone que cada persona tiene recursos para lograr el cambio deseado.<\/p>\n\n\n\n<p>Aunque cada persona es un individuo \u00fanico, las investigaciones han descubierto patrones repetitivos. Se supone que los diferentes tipos de personalidad han desarrollado fortalezas y debilidades particulares en diferentes \u00e1reas de la vida. Como resultado, los problemas, el comportamiento conflictivo y las estrategias de soluci\u00f3n son espec\u00edficos de cada tipo. Esto a veces hace que nuestra comprensi\u00f3n de los dem\u00e1s sea muy complicada. Para evitar el desastre, creemos que tenemos que complacer a los dem\u00e1s, que tenemos que ser esc\u00e9pticos y cuidadosos, o que tenemos que hacer todo bien, lo que genera m\u00e1s conflictos que una buena cooperaci\u00f3n.<\/p>\n\n\n\n<div style=\"height:30px\" aria-hidden=\"true\" class=\"wp-block-spacer\"><\/div>\n\n\n\n<div class=\"wp-block-buttons is-layout-flex wp-block-buttons-is-layout-flex\">\n<div class=\"wp-block-button\"><a class=\"wp-block-button__link\" href=\"#kontakt\">COMIENCE EL CAMINO HACIA LA SOLUCI\u00d3N<\/a><\/div>\n<\/div>\n<\/div><\/div>\n<\/div><\/section>\n\n<section class=\"wp-block-uagb-columns uagb-columns__wrap uagb-columns__background-undefined uagb-columns__stack-mobile uagb-columns__valign-center uagb-columns__gap-10 alignfull uagb-block-8fbbc728\"><div class=\"uagb-columns__overlay\"><\/div><div class=\"uagb-columns__inner-wrap uagb-columns__columns-2\">\n<div class=\"wp-block-uagb-column uagb-column__wrap uagb-column__background-undefined uagb-block-69eebb5d animated fadeInLeft duration2 eds-on-scroll\"><div class=\"uagb-column__overlay\"><\/div><div class=\"uagb-column__inner-wrap\">\n<h2 class=\"wp-block-heading\">Coaching sist\u00e9mico<\/h2>\n\n\n\n<h4 class=\"has-text-color wp-block-heading\" style=\"color:#6e3beb\"><strong>Reconozca las reglas de su tipo y haga su vida m\u00e1s f\u00e1cil<\/strong><\/h4>\n<\/div><\/div>\n\n\n\n<div class=\"wp-block-uagb-column uagb-column__wrap uagb-column__background-undefined uagb-block-e51724fa animated fadeInRight duration2 eds-on-scroll\"><div class=\"uagb-column__overlay\"><\/div><div class=\"uagb-column__inner-wrap\">\n<div class=\"wp-block-image is-style-rounded\"><figure class=\"aligncenter size-large\"><img decoding=\"async\" width=\"500\" height=\"500\" src=\"https:\/\/owm-oneforyou.de\/wp-content\/uploads\/2021\/03\/leben-erleichtern.png\" alt=\"Coaching sist&#xE9;mico\" class=\"wp-image-399\" srcset=\"https:\/\/owm-oneforyou.de\/wp-content\/uploads\/2021\/03\/leben-erleichtern.png 500w, https:\/\/owm-oneforyou.de\/wp-content\/uploads\/2021\/03\/leben-erleichtern-300x300.png 300w, https:\/\/owm-oneforyou.de\/wp-content\/uploads\/2021\/03\/leben-erleichtern-150x150.png 150w\" sizes=\"(max-width: 500px) 100vw, 500px\" \/><\/figure><\/div>\n<\/div><\/div>\n<\/div><\/section>\n\n<section class=\"wp-block-uagb-columns uagb-columns__wrap uagb-columns__background-undefined uagb-columns__stack-mobile uagb-columns__valign-undefined uagb-columns__gap-10 alignfull uagb-block-1b7bee16\"><div class=\"uagb-columns__overlay\"><\/div><div class=\"uagb-columns__inner-wrap uagb-columns__columns-2\">\n<div class=\"wp-block-uagb-column uagb-column__wrap uagb-column__background-undefined uagb-block-ec08e688 animated fadeInUp duration2 eds-on-scroll\"><div class=\"uagb-column__overlay\"><\/div><div class=\"uagb-column__inner-wrap\">\n<p>El <strong>coaching sist\u00e9mico<\/strong> incluye m\u00e9todos que abordan el comportamiento relacional sist\u00e9mico, la identidad sist\u00e9mica y la acci\u00f3n sist\u00e9mica. La atenci\u00f3n se centra aqu\u00ed tambi\u00e9n en activar los recursos del cliente. A trav\u00e9s de cambios de actitud intraps\u00edquicos en el cliente, se influye y cambia espec\u00edficamente el comportamiento social de los respectivos miembros del sistema. Los m\u00e9todos utilizados se aplican a \u00e1reas t\u00edpicas de conflicto en los sistemas para mejorar la comunicaci\u00f3n, la responsabilidad personal y la integridad.<\/p>\n\n\n\n<p>El cambio en los <strong>controles mentales<\/strong> afecta a viejas creencias, expectativas e identidades adquiridas en la infancia. Se aprendieron en el sistema familiar y hoy influyen tanto en el propio comportamiento social como en las reacciones de los dem\u00e1s miembros del sistema respectivamente. Con la ayuda de m\u00e9todos sist\u00e9micos, se modifican los controles mentales con el objetivo de mejorar las habilidades para la vida personal y los cambios deseados en el entorno social. No trabajamos sobre usted, sino con usted.<\/p>\n<\/div><\/div>\n\n\n\n<div class=\"wp-block-uagb-column uagb-column__wrap uagb-column__background-undefined uagb-block-fcdcb45e\"><div class=\"uagb-column__overlay\"><\/div><div class=\"uagb-column__inner-wrap\"><\/div><\/div>\n<\/div><\/section>\n\n<section class=\"wp-block-uagb-section uagb-section__wrap uagb-section__background-image alignfull uagb-block-10d25464 extend-grey\"><div class=\"uagb-section__overlay\"><\/div><div class=\"uagb-section__inner-wrap\">\n<a class=\"anchor\" id=\"kontakt\"><\/a>\n\n\n\n<section class=\"wp-block-uagb-section uagb-section__wrap uagb-section__background-undefined uagb-block-9c519c59\"><div class=\"uagb-section__overlay\"><\/div><div class=\"uagb-section__inner-wrap\">\n<h3 class=\"has-text-align-center has-text-color wp-block-heading\" style=\"color:#6e3beb\">Reserve una consulta gratuita* ahora<\/h3>\n\n\n\n<p class=\"has-text-align-center has-small-font-size\">* Si no se desea m\u00e1s asesoramiento despu\u00e9s de la consulta inicial <a rel=\"noreferrer noopener\" href=\"https:\/\/owm-oneforyou.de\/es\/mis-condiciones\/\" target=\"_blank\">(ver condiciones)<\/a><\/p>\n\n\n<div class=\"wpforms-container \" id=\"wpforms-16\"><form id=\"wpforms-form-16\" class=\"wpforms-validate wpforms-form\" data-formid=\"16\" method=\"post\" enctype=\"multipart\/form-data\" action=\"\/es\/wp-json\/wp\/v2\/pages\/1442\" data-token=\"af4f0b13651c6b30390cf7051fdf2e59\" data-token-time=\"1776176972\"><noscript class=\"wpforms-error-noscript\">Por favor, activa JavaScript en tu navegador para completar este formulario.<\/noscript><div class=\"wpforms-field-container\"><div id=\"wpforms-16-field_0-container\" class=\"wpforms-field wpforms-field-name\" data-field-id=\"0\"><label class=\"wpforms-field-label wpforms-label-hide\" for=\"wpforms-16-field_0\">Nombre  <span class=\"wpforms-required-label\">*<\/span><\/label><input type=\"text\" id=\"wpforms-16-field_0\" class=\"wpforms-field-large wpforms-field-required\" name=\"wpforms[fields][0]\" placeholder=\"Nombre\" required><\/div><div id=\"wpforms-16-field_1-container\" class=\"wpforms-field wpforms-field-email\" data-field-id=\"1\"><label class=\"wpforms-field-label wpforms-label-hide\" for=\"wpforms-16-field_1\">Email <span class=\"wpforms-required-label\">*<\/span><\/label><input type=\"email\" id=\"wpforms-16-field_1\" class=\"wpforms-field-large wpforms-field-required\" name=\"wpforms[fields][1]\" placeholder=\"Email\" spellcheck=\"false\" required><\/div><div id=\"wpforms-16-field_4-container\" class=\"wpforms-field wpforms-field-text\" data-field-id=\"4\"><label class=\"wpforms-field-label wpforms-label-hide\" for=\"wpforms-16-field_4\">Asunto <span class=\"wpforms-required-label\">*<\/span><\/label><input type=\"text\" id=\"wpforms-16-field_4\" class=\"wpforms-field-large wpforms-field-required\" name=\"wpforms[fields][4]\" placeholder=\"Asunto\" required><\/div>\t\t<div id=\"wpforms-16-field_3-container\"\n\t\t\tclass=\"wpforms-field wpforms-field-text\"\n\t\t\tdata-field-type=\"text\"\n\t\t\tdata-field-id=\"3\"\n\t\t\t>\n\t\t\t<label class=\"wpforms-field-label\" for=\"wpforms-16-field_3\" >de Protecci\u00f3n datos<\/label>\n\t\t\t<input type=\"text\" id=\"wpforms-16-field_3\" class=\"wpforms-field-medium\" name=\"wpforms[fields][3]\" >\n\t\t<\/div>\n\t\t<div id=\"wpforms-16-field_2-container\" class=\"wpforms-field wpforms-field-textarea\" data-field-id=\"2\"><label class=\"wpforms-field-label wpforms-label-hide\" for=\"wpforms-16-field_2\">Mensaje <span class=\"wpforms-required-label\">*<\/span><\/label><textarea id=\"wpforms-16-field_2\" class=\"wpforms-field-medium wpforms-field-required\" name=\"wpforms[fields][2]\" placeholder=\"Mensaje\" required><\/textarea><\/div><div id=\"wpforms-16-field_5-container\" class=\"wpforms-field wpforms-field-checkbox\" data-field-id=\"5\"><label class=\"wpforms-field-label wpforms-label-hide\">Protecci\u00f3n de datos <span class=\"wpforms-required-label\">*<\/span><\/label><ul id=\"wpforms-16-field_5\" class=\"wpforms-field-required\"><li class=\"choice-1 depth-1\"><input type=\"checkbox\" id=\"wpforms-16-field_5_1\" name=\"wpforms[fields][5][]\" value=\"Protecci\u00f3n de datos\" required ><label class=\"wpforms-field-label-inline\" for=\"wpforms-16-field_5_1\">Protecci\u00f3n de datos<\/label><\/li><\/ul><div class=\"wpforms-field-description\">He le\u00eddo la nota de <a href=\"https:\/\/owm-oneforyou.de\/datenschutzerklaerung\/\">Pol\u00edtica de Privacidad<\/a>. Acepto que mi informaci\u00f3n y mis datos sean recopilados y almacenados electr\u00f3nicamente para responder a mi solicitud. Nota: Puede revocar su consentimiento en cualquier momento en el futuro enviando un correo electr\u00f3nico a wagner-martinez@owm-oneforyou.de.<\/div><\/div><script>\n\t\t\t\t( function() {\n\t\t\t\t\tconst style = document.createElement( 'style' );\n\t\t\t\t\tstyle.appendChild( document.createTextNode( '#wpforms-16-field_3-container { position: absolute !important; overflow: hidden !important; display: inline !important; height: 1px !important; width: 1px !important; z-index: -1000 !important; padding: 0 !important; } #wpforms-16-field_3-container input { visibility: hidden; } #wpforms-conversational-form-page #wpforms-16-field_3-container label { counter-increment: none; }' ) );\n\t\t\t\t\tdocument.head.appendChild( style );\n\t\t\t\t\tdocument.currentScript?.remove();\n\t\t\t\t} )();\n\t\t\t<\/script><\/div><!-- .wpforms-field-container --><div class=\"wpforms-field wpforms-field-hp\"><label for=\"wpforms-16-field-hp\" class=\"wpforms-field-label\">Website<\/label><input type=\"text\" name=\"wpforms[hp]\" id=\"wpforms-16-field-hp\" class=\"wpforms-field-medium\"><\/div><div class=\"wpforms-submit-container\" ><input type=\"hidden\" name=\"wpforms[id]\" value=\"16\"><input type=\"hidden\" name=\"page_title\" value=\"\"><input type=\"hidden\" name=\"page_url\" value=\"https:\/\/owm-oneforyou.de\/es\/wp-json\/wp\/v2\/pages\/1442\"><input type=\"hidden\" name=\"url_referer\" value=\"\"><button type=\"submit\" name=\"wpforms[submit]\" id=\"wpforms-submit-16\" class=\"wpforms-submit\" data-alt-text=\"en curso...\" data-submit-text=\"Enviar\" aria-live=\"assertive\" value=\"wpforms-submit\">Enviar<\/button><\/div><\/form><\/div>  <!-- .wpforms-container -->\n<\/div><\/section>\n<\/div><\/section>\n","protected":false},"excerpt":{"rendered":"<p>Coaching &#8211; No trabajamos para usted, sino con usted. Psicolog\u00eda integrada orientada a soluciones. El concepto ILP (Psicolog\u00eda Integrada Orientada a Soluciones) es pr\u00e1ctico y est\u00e1 orientado a cada persona individualmente. El Dr. Friedman, fundador de ILP, combin\u00f3 m\u00e9todos de terapia orientados a soluciones en una terapia corta altamente eficaz, basada en la evidencia. Para [&hellip;]<\/p>\n","protected":false},"author":3,"featured_media":1954,"parent":0,"menu_order":1,"comment_status":"closed","ping_status":"closed","template":"","meta":{"_uag_custom_page_level_css":"","site-sidebar-layout":"no-sidebar","site-content-layout":"plain-container","ast-site-content-layout":"normal-width-container","site-content-style":"unboxed","site-sidebar-style":"unboxed","ast-global-header-display":"","ast-banner-title-visibility":"","ast-main-header-display":"","ast-hfb-above-header-display":"","ast-hfb-below-header-display":"","ast-hfb-mobile-header-display":"","site-post-title":"disabled","ast-breadcrumbs-content":"","ast-featured-img":"","footer-sml-layout":"","ast-disable-related-posts":"","theme-transparent-header-meta":"default","adv-header-id-meta":"","stick-header-meta":"","header-above-stick-meta":"","header-main-stick-meta":"","header-below-stick-meta":"","astra-migrate-meta-layouts":"default","ast-page-background-enabled":"default","ast-page-background-meta":{"desktop":{"background-color":"","background-image":"","background-repeat":"repeat","background-position":"center center","background-size":"auto","background-attachment":"scroll","background-type":"","background-media":"","overlay-type":"","overlay-color":"","overlay-opacity":"","overlay-gradient":""},"tablet":{"background-color":"","background-image":"","background-repeat":"repeat","background-position":"center center","background-size":"auto","background-attachment":"scroll","background-type":"","background-media":"","overlay-type":"","overlay-color":"","overlay-opacity":"","overlay-gradient":""},"mobile":{"background-color":"","background-image":"","background-repeat":"repeat","background-position":"center center","background-size":"auto","background-attachment":"scroll","background-type":"","background-media":"","overlay-type":"","overlay-color":"","overlay-opacity":"","overlay-gradient":""}},"ast-content-background-meta":{"desktop":{"background-color":"var(--ast-global-color-5)","background-image":"","background-repeat":"repeat","background-position":"center center","background-size":"auto","background-attachment":"scroll","background-type":"","background-media":"","overlay-type":"","overlay-color":"","overlay-opacity":"","overlay-gradient":""},"tablet":{"background-color":"var(--ast-global-color-5)","background-image":"","background-repeat":"repeat","background-position":"center center","background-size":"auto","background-attachment":"scroll","background-type":"","background-media":"","overlay-type":"","overlay-color":"","overlay-opacity":"","overlay-gradient":""},"mobile":{"background-color":"var(--ast-global-color-5)","background-image":"","background-repeat":"repeat","background-position":"center center","background-size":"auto","background-attachment":"scroll","background-type":"","background-media":"","overlay-type":"","overlay-color":"","overlay-opacity":"","overlay-gradient":""}},"footnotes":""},"class_list":["post-1442","page","type-page","status-publish","has-post-thumbnail","hentry"],"uagb_featured_image_src":{"full":["https:\/\/owm-oneforyou.de\/wp-content\/uploads\/2026\/03\/pexels-photo-30134595-30134595-2-scaled.jpg",0,0,false],"thumbnail":["https:\/\/owm-oneforyou.de\/wp-content\/uploads\/2026\/03\/pexels-photo-30134595-30134595-2-scaled.jpg",1,1,false],"medium":["https:\/\/owm-oneforyou.de\/wp-content\/uploads\/2026\/03\/pexels-photo-30134595-30134595-2-scaled.jpg",1,1,false],"medium_large":["https:\/\/owm-oneforyou.de\/wp-content\/uploads\/2026\/03\/pexels-photo-30134595-30134595-2-scaled.jpg",1,1,false],"large":["https:\/\/owm-oneforyou.de\/wp-content\/uploads\/2026\/03\/pexels-photo-30134595-30134595-2-scaled.jpg",1,1,false],"1536x1536":["https:\/\/owm-oneforyou.de\/wp-content\/uploads\/2026\/03\/pexels-photo-30134595-30134595-2-scaled.jpg",1,1,false],"2048x2048":["https:\/\/owm-oneforyou.de\/wp-content\/uploads\/2026\/03\/pexels-photo-30134595-30134595-2-scaled.jpg",1,1,false]},"uagb_author_info":{"display_name":"Oscar Wagner-Martinez","author_link":"https:\/\/owm-oneforyou.de\/es\/author\/oscar\/"},"uagb_comment_info":0,"uagb_excerpt":"Coaching &#8211; No trabajamos para usted, sino con usted. Psicolog\u00eda integrada orientada a soluciones. El concepto ILP (Psicolog\u00eda Integrada Orientada a Soluciones) es pr\u00e1ctico y est\u00e1 orientado a cada persona individualmente. El Dr. Friedman, fundador de ILP, combin\u00f3 m\u00e9todos de terapia orientados a soluciones en una terapia corta altamente eficaz, basada en la evidencia. Para&hellip;","_links":{"self":[{"href":"https:\/\/owm-oneforyou.de\/es\/wp-json\/wp\/v2\/pages\/1442","targetHints":{"allow":["GET"]}}],"collection":[{"href":"https:\/\/owm-oneforyou.de\/es\/wp-json\/wp\/v2\/pages"}],"about":[{"href":"https:\/\/owm-oneforyou.de\/es\/wp-json\/wp\/v2\/types\/page"}],"author":[{"embeddable":true,"href":"https:\/\/owm-oneforyou.de\/es\/wp-json\/wp\/v2\/users\/3"}],"replies":[{"embeddable":true,"href":"https:\/\/owm-oneforyou.de\/es\/wp-json\/wp\/v2\/comments?post=1442"}],"version-history":[{"count":0,"href":"https:\/\/owm-oneforyou.de\/es\/wp-json\/wp\/v2\/pages\/1442\/revisions"}],"wp:featuredmedia":[{"embeddable":true,"href":"https:\/\/owm-oneforyou.de\/es\/wp-json\/wp\/v2\/media\/1954"}],"wp:attachment":[{"href":"https:\/\/owm-oneforyou.de\/es\/wp-json\/wp\/v2\/media?parent=1442"}],"curies":[{"name":"wp","href":"https:\/\/api.w.org\/{rel}","templated":true}]}}