{"id":1446,"date":"2021-03-29T17:36:05","date_gmt":"2021-03-29T15:36:05","guid":{"rendered":"https:\/\/owm-oneforyou.de\/asesoramiento-familiar-y-de-pareja\/"},"modified":"2024-01-22T10:37:10","modified_gmt":"2024-01-22T09:37:10","slug":"asesoramiento-familiar-y-de-pareja","status":"publish","type":"page","link":"https:\/\/owm-oneforyou.de\/es\/asesoramiento-familiar-y-de-pareja\/","title":{"rendered":"Asesoramiento familiar y de pareja"},"content":{"rendered":"\n<section class=\"wp-block-uagb-columns uagb-columns__wrap uagb-columns__background-none uagb-columns__stack-mobile uagb-columns__valign-center uagb-columns__gap-10 align uagb-block-4a8548be uagb-columns__columns-2 uagb-columns__max_width-theme\"><div class=\"uagb-columns__overlay\"><\/div><div class=\"uagb-columns__inner-wrap uagb-columns__columns-2\">\n<div class=\"wp-block-uagb-column uagb-column__wrap uagb-column__background-undefined uagb-block-65871ba8 animated fadeInLeft duration2 eds-on-scroll\"><div class=\"uagb-column__overlay\"><\/div>\n<figure class=\"wp-block-image aligncenter size-large is-style-rounded\"><img decoding=\"async\" width=\"500\" height=\"500\" src=\"https:\/\/owm-oneforyou.de\/wp-content\/uploads\/2021\/04\/paarberatung.png\" alt=\"Asesoramiento familiar y de pareja\" class=\"wp-image-506\" srcset=\"https:\/\/owm-oneforyou.de\/wp-content\/uploads\/2021\/04\/paarberatung.png 500w, https:\/\/owm-oneforyou.de\/wp-content\/uploads\/2021\/04\/paarberatung-300x300.png 300w, https:\/\/owm-oneforyou.de\/wp-content\/uploads\/2021\/04\/paarberatung-150x150.png 150w\" sizes=\"(max-width: 500px) 100vw, 500px\" \/><\/figure>\n<\/div>\n\n\n\n<div class=\"wp-block-uagb-column uagb-column__wrap uagb-column__background-undefined uagb-block-f89aba1a animated fadeInRight duration2 eds-on-scroll\"><div class=\"uagb-column__overlay\"><\/div>\n<h2 class=\"wp-block-heading\">Asesoramiento familiar y de pareja<\/h2>\n\n\n\n<h4 class=\"wp-block-heading has-text-color\" style=\"color:#6e3beb\"><strong>MEJORAR LA COMUNICACI\u00d3N Y DESARMAR CONFLICTOS<\/strong><\/h4>\n\n\n\n<p>\u00bfHa pensado alguna vez en esto ? Intenta acercarse a su pareja\/hijos\/familiares con las mejores intenciones, pero constantemente lo malinterpretan. Juntos identificaremos las barreras de la comunicaci\u00f3n t\u00edpicas de su personalidad, lo que le ayudar\u00e1 a comprenderse a s\u00ed mismo y a los dem\u00e1s y as\u00ed romper patrones recurrentes y desactivar conflictos.<\/p>\n<\/div>\n<\/div><\/section>\n\n<section class=\"wp-block-uagb-columns uagb-columns__wrap uagb-columns__background-none uagb-columns__stack-mobile uagb-columns__valign- uagb-columns__gap-10 align uagb-block-283927be uagb-columns__columns-2 uagb-columns__max_width-theme\"><div class=\"uagb-columns__overlay\"><\/div><div class=\"uagb-columns__inner-wrap uagb-columns__columns-2\">\n<div class=\"wp-block-uagb-column uagb-column__wrap uagb-column__background-undefined uagb-block-eb25e4e4\"><div class=\"uagb-column__overlay\"><\/div><\/div>\n\n\n\n<div class=\"wp-block-uagb-column uagb-column__wrap uagb-column__background-undefined uagb-block-0044e674 animated fadeInUp duration2 eds-on-scroll\"><div class=\"uagb-column__overlay\"><\/div>\n<h3 class=\"wp-block-heading\">Las nuevas situaciones de la vida a menudo traen nuevo retos para la pareja &#8230;<\/h3>\n\n\n\n<ul class=\"wp-block-list\">\n<li>Un beb\u00e9 lo cambia todo.<\/li>\n\n\n\n<li>Los hijos desarrollan su personalidad o abandonan el hogar.<\/li>\n\n\n\n<li>La situaci\u00f3n laboral cambia.<\/li>\n\n\n\n<li>La jubilaci\u00f3n cambia el ritmo y el sentido de la vida.<\/li>\n\n\n\n<li>Uno sale de la relaci\u00f3n y es infiel.<\/li>\n\n\n\n<li>Diferente orientaci\u00f3n sexual. <\/li>\n\n\n\n<li>Un miembro de la pareja es significativamente m\u00e1s joven.<\/li>\n\n\n\n<li>Separaci\u00f3n de pareja, familia o hijos.<\/li>\n<\/ul>\n\n\n\n<p><strong>Trabajo con usted individualmente, en parejas o con toda la familia.<\/strong><\/p>\n<\/div>\n<\/div><\/section>\n\n<section class=\"wp-block-uagb-section uagb-section__wrap uagb-section__background-image alignfull uagb-block-50e189e4 extend-grey\"><div class=\"uagb-section__overlay\"><\/div><div class=\"uagb-section__inner-wrap\">\n<h2 class=\"wp-block-heading has-text-align-center\">Construya un puente, <br\/>para pasar de los problemas a la soluci\u00f3n.<\/h2>\n\n\n\n<section class=\"wp-block-uagb-section uagb-section__wrap uagb-section__background-undefined uagb-block-2b8c596b\"><div class=\"uagb-section__overlay\"><\/div><div class=\"uagb-section__inner-wrap\">\n<h3 class=\"wp-block-heading has-text-align-center has-text-color\" style=\"color:#6e3beb\">Reserve una consulta gratuita* ahora<\/h3>\n\n\n\n<p class=\"has-text-align-center has-small-font-size\">* Si no se desea m\u00e1s asesoramiento despu\u00e9s de la consulta inicial <a rel=\"noreferrer noopener\" href=\"https:\/\/owm-oneforyou.de\/es\/mis-condiciones\/\" target=\"_blank\">(ver condiciones)<\/a><\/p>\n\n\n<div class=\"wpforms-container \" id=\"wpforms-16\"><form id=\"wpforms-form-16\" class=\"wpforms-validate wpforms-form\" data-formid=\"16\" method=\"post\" enctype=\"multipart\/form-data\" action=\"\/es\/wp-json\/wp\/v2\/pages\/1446\" data-token=\"af4f0b13651c6b30390cf7051fdf2e59\" data-token-time=\"1776176974\"><noscript class=\"wpforms-error-noscript\">Por favor, activa JavaScript en tu navegador para completar este formulario.<\/noscript><div class=\"wpforms-field-container\"><div id=\"wpforms-16-field_0-container\" class=\"wpforms-field wpforms-field-name\" data-field-id=\"0\"><label class=\"wpforms-field-label wpforms-label-hide\" for=\"wpforms-16-field_0\">Nombre  <span class=\"wpforms-required-label\">*<\/span><\/label><input type=\"text\" id=\"wpforms-16-field_0\" class=\"wpforms-field-large wpforms-field-required\" name=\"wpforms[fields][0]\" placeholder=\"Nombre\" required><\/div><div id=\"wpforms-16-field_1-container\" class=\"wpforms-field wpforms-field-email\" data-field-id=\"1\"><label class=\"wpforms-field-label wpforms-label-hide\" for=\"wpforms-16-field_1\">Email <span class=\"wpforms-required-label\">*<\/span><\/label><input type=\"email\" id=\"wpforms-16-field_1\" class=\"wpforms-field-large wpforms-field-required\" name=\"wpforms[fields][1]\" placeholder=\"Email\" spellcheck=\"false\" required><\/div><div id=\"wpforms-16-field_4-container\" class=\"wpforms-field wpforms-field-text\" data-field-id=\"4\"><label class=\"wpforms-field-label wpforms-label-hide\" for=\"wpforms-16-field_4\">Asunto <span class=\"wpforms-required-label\">*<\/span><\/label><input type=\"text\" id=\"wpforms-16-field_4\" class=\"wpforms-field-large wpforms-field-required\" name=\"wpforms[fields][4]\" placeholder=\"Asunto\" required><\/div><div id=\"wpforms-16-field_2-container\" class=\"wpforms-field wpforms-field-textarea\" data-field-id=\"2\"><label class=\"wpforms-field-label wpforms-label-hide\" for=\"wpforms-16-field_2\">Mensaje <span class=\"wpforms-required-label\">*<\/span><\/label><textarea id=\"wpforms-16-field_2\" class=\"wpforms-field-medium wpforms-field-required\" name=\"wpforms[fields][2]\" placeholder=\"Mensaje\" required><\/textarea><\/div>\t\t<div id=\"wpforms-16-field_3-container\"\n\t\t\tclass=\"wpforms-field wpforms-field-text\"\n\t\t\tdata-field-type=\"text\"\n\t\t\tdata-field-id=\"3\"\n\t\t\t>\n\t\t\t<label class=\"wpforms-field-label\" for=\"wpforms-16-field_3\" >Mensaje Asunto <\/label>\n\t\t\t<input type=\"text\" id=\"wpforms-16-field_3\" class=\"wpforms-field-medium\" name=\"wpforms[fields][3]\" >\n\t\t<\/div>\n\t\t<div id=\"wpforms-16-field_5-container\" class=\"wpforms-field wpforms-field-checkbox\" data-field-id=\"5\"><label class=\"wpforms-field-label wpforms-label-hide\">Protecci\u00f3n de datos <span class=\"wpforms-required-label\">*<\/span><\/label><ul id=\"wpforms-16-field_5\" class=\"wpforms-field-required\"><li class=\"choice-1 depth-1\"><input type=\"checkbox\" id=\"wpforms-16-field_5_1\" name=\"wpforms[fields][5][]\" value=\"Protecci\u00f3n de datos\" required ><label class=\"wpforms-field-label-inline\" for=\"wpforms-16-field_5_1\">Protecci\u00f3n de datos<\/label><\/li><\/ul><div class=\"wpforms-field-description\">He le\u00eddo la nota de <a href=\"https:\/\/owm-oneforyou.de\/datenschutzerklaerung\/\">Pol\u00edtica de Privacidad<\/a>. Acepto que mi informaci\u00f3n y mis datos sean recopilados y almacenados electr\u00f3nicamente para responder a mi solicitud. Nota: Puede revocar su consentimiento en cualquier momento en el futuro enviando un correo electr\u00f3nico a wagner-martinez@owm-oneforyou.de.<\/div><\/div><script>\n\t\t\t\t( function() {\n\t\t\t\t\tconst style = document.createElement( 'style' );\n\t\t\t\t\tstyle.appendChild( document.createTextNode( '#wpforms-16-field_3-container { position: absolute !important; overflow: hidden !important; display: inline !important; height: 1px !important; width: 1px !important; z-index: -1000 !important; padding: 0 !important; } #wpforms-16-field_3-container input { visibility: hidden; } #wpforms-conversational-form-page #wpforms-16-field_3-container label { counter-increment: none; }' ) );\n\t\t\t\t\tdocument.head.appendChild( style );\n\t\t\t\t\tdocument.currentScript?.remove();\n\t\t\t\t} )();\n\t\t\t<\/script><\/div><!-- .wpforms-field-container --><div class=\"wpforms-field wpforms-field-hp\"><label for=\"wpforms-16-field-hp\" class=\"wpforms-field-label\">Website<\/label><input type=\"text\" name=\"wpforms[hp]\" id=\"wpforms-16-field-hp\" class=\"wpforms-field-medium\"><\/div><div class=\"wpforms-submit-container\" ><input type=\"hidden\" name=\"wpforms[id]\" value=\"16\"><input type=\"hidden\" name=\"page_title\" value=\"\"><input type=\"hidden\" name=\"page_url\" value=\"https:\/\/owm-oneforyou.de\/es\/wp-json\/wp\/v2\/pages\/1446\"><input type=\"hidden\" name=\"url_referer\" value=\"\"><button type=\"submit\" name=\"wpforms[submit]\" id=\"wpforms-submit-16\" class=\"wpforms-submit\" data-alt-text=\"en curso...\" data-submit-text=\"Enviar\" aria-live=\"assertive\" value=\"wpforms-submit\">Enviar<\/button><\/div><\/form><\/div>  <!-- .wpforms-container -->\n<\/div><\/section>\n<\/div><\/section>\n","protected":false},"excerpt":{"rendered":"<p>Asesoramiento familiar y de pareja MEJORAR LA COMUNICACI\u00d3N Y DESARMAR CONFLICTOS \u00bfHa pensado alguna vez en esto ? Intenta acercarse a su pareja\/hijos\/familiares con las mejores intenciones, pero constantemente lo malinterpretan. Juntos identificaremos las barreras de la comunicaci\u00f3n t\u00edpicas de su personalidad, lo que le ayudar\u00e1 a comprenderse a s\u00ed mismo y a los dem\u00e1s [&hellip;]<\/p>\n","protected":false},"author":3,"featured_media":0,"parent":0,"menu_order":0,"comment_status":"closed","ping_status":"closed","template":"","meta":{"_uag_custom_page_level_css":"","site-sidebar-layout":"no-sidebar","site-content-layout":"plain-container","ast-site-content-layout":"normal-width-container","site-content-style":"unboxed","site-sidebar-style":"unboxed","ast-global-header-display":"","ast-banner-title-visibility":"","ast-main-header-display":"","ast-hfb-above-header-display":"","ast-hfb-below-header-display":"","ast-hfb-mobile-header-display":"","site-post-title":"disabled","ast-breadcrumbs-content":"","ast-featured-img":"disabled","footer-sml-layout":"","ast-disable-related-posts":"","theme-transparent-header-meta":"default","adv-header-id-meta":"","stick-header-meta":"","header-above-stick-meta":"","header-main-stick-meta":"","header-below-stick-meta":"","astra-migrate-meta-layouts":"default","ast-page-background-enabled":"default","ast-page-background-meta":{"desktop":{"background-color":"","background-image":"","background-repeat":"repeat","background-position":"center center","background-size":"auto","background-attachment":"scroll","background-type":"","background-media":"","overlay-type":"","overlay-color":"","overlay-opacity":"","overlay-gradient":""},"tablet":{"background-color":"","background-image":"","background-repeat":"repeat","background-position":"center center","background-size":"auto","background-attachment":"scroll","background-type":"","background-media":"","overlay-type":"","overlay-color":"","overlay-opacity":"","overlay-gradient":""},"mobile":{"background-color":"","background-image":"","background-repeat":"repeat","background-position":"center center","background-size":"auto","background-attachment":"scroll","background-type":"","background-media":"","overlay-type":"","overlay-color":"","overlay-opacity":"","overlay-gradient":""}},"ast-content-background-meta":{"desktop":{"background-color":"var(--ast-global-color-5)","background-image":"","background-repeat":"repeat","background-position":"center center","background-size":"auto","background-attachment":"scroll","background-type":"","background-media":"","overlay-type":"","overlay-color":"","overlay-opacity":"","overlay-gradient":""},"tablet":{"background-color":"var(--ast-global-color-5)","background-image":"","background-repeat":"repeat","background-position":"center center","background-size":"auto","background-attachment":"scroll","background-type":"","background-media":"","overlay-type":"","overlay-color":"","overlay-opacity":"","overlay-gradient":""},"mobile":{"background-color":"var(--ast-global-color-5)","background-image":"","background-repeat":"repeat","background-position":"center center","background-size":"auto","background-attachment":"scroll","background-type":"","background-media":"","overlay-type":"","overlay-color":"","overlay-opacity":"","overlay-gradient":""}},"footnotes":""},"class_list":["post-1446","page","type-page","status-publish","hentry"],"uagb_featured_image_src":{"full":false,"thumbnail":false,"medium":false,"medium_large":false,"large":false,"1536x1536":false,"2048x2048":false},"uagb_author_info":{"display_name":"Oscar Wagner-Martinez","author_link":"https:\/\/owm-oneforyou.de\/es\/author\/oscar\/"},"uagb_comment_info":0,"uagb_excerpt":"Asesoramiento familiar y de pareja MEJORAR LA COMUNICACI\u00d3N Y DESARMAR CONFLICTOS \u00bfHa pensado alguna vez en esto ? Intenta acercarse a su pareja\/hijos\/familiares con las mejores intenciones, pero constantemente lo malinterpretan. Juntos identificaremos las barreras de la comunicaci\u00f3n t\u00edpicas de su personalidad, lo que le ayudar\u00e1 a comprenderse a s\u00ed mismo y a los dem\u00e1s&hellip;","_links":{"self":[{"href":"https:\/\/owm-oneforyou.de\/es\/wp-json\/wp\/v2\/pages\/1446","targetHints":{"allow":["GET"]}}],"collection":[{"href":"https:\/\/owm-oneforyou.de\/es\/wp-json\/wp\/v2\/pages"}],"about":[{"href":"https:\/\/owm-oneforyou.de\/es\/wp-json\/wp\/v2\/types\/page"}],"author":[{"embeddable":true,"href":"https:\/\/owm-oneforyou.de\/es\/wp-json\/wp\/v2\/users\/3"}],"replies":[{"embeddable":true,"href":"https:\/\/owm-oneforyou.de\/es\/wp-json\/wp\/v2\/comments?post=1446"}],"version-history":[{"count":0,"href":"https:\/\/owm-oneforyou.de\/es\/wp-json\/wp\/v2\/pages\/1446\/revisions"}],"wp:attachment":[{"href":"https:\/\/owm-oneforyou.de\/es\/wp-json\/wp\/v2\/media?parent=1446"}],"curies":[{"name":"wp","href":"https:\/\/api.w.org\/{rel}","templated":true}]}}