{"id":1450,"date":"2021-03-29T18:06:29","date_gmt":"2021-03-29T16:06:29","guid":{"rendered":"https:\/\/owm-oneforyou.de\/asesoramiento-sobre-traumas-a-traves-del-fortalecimiento-de-la-resiliencia\/"},"modified":"2024-01-22T10:39:45","modified_gmt":"2024-01-22T09:39:45","slug":"asesoramiento-sobre-traumas-a-traves-del-fortalecimiento-de-la-resiliencia","status":"publish","type":"page","link":"https:\/\/owm-oneforyou.de\/es\/asesoramiento-sobre-traumas-a-traves-del-fortalecimiento-de-la-resiliencia\/","title":{"rendered":"Asesor\u00eda en trauma"},"content":{"rendered":"\n<section class=\"wp-block-uagb-columns uagb-columns__wrap uagb-columns__stack-mobile uagb-columns__valign-center uagb-columns__gap-10 alignfull uagb-block-880f0961 uagb-columns__columns-2 uagb-columns__max_width-theme\"><div class=\"uagb-columns__overlay\"><\/div><div class=\"uagb-columns__inner-wrap uagb-columns__columns-2\">\n<div class=\"wp-block-uagb-column uagb-column__wrap uagb-column__background-undefined uagb-block-9e817f78 animated fadeInLeft duration2 eds-on-scroll\"><div class=\"uagb-column__overlay\"><\/div>\n<figure class=\"wp-block-image aligncenter size-large is-style-rounded\"><img decoding=\"async\" width=\"500\" height=\"500\" src=\"https:\/\/owm-oneforyou.de\/wp-content\/uploads\/2021\/03\/traumaberatung.png\" alt=\"Asesor&#xED;a en trauma\" class=\"wp-image-420\" srcset=\"https:\/\/owm-oneforyou.de\/wp-content\/uploads\/2021\/03\/traumaberatung.png 500w, https:\/\/owm-oneforyou.de\/wp-content\/uploads\/2021\/03\/traumaberatung-300x300.png 300w, https:\/\/owm-oneforyou.de\/wp-content\/uploads\/2021\/03\/traumaberatung-150x150.png 150w\" sizes=\"(max-width: 500px) 100vw, 500px\" \/><\/figure>\n<\/div>\n\n\n\n<div class=\"wp-block-uagb-column uagb-column__wrap uagb-column__background-undefined uagb-block-268503a4 animated fadeInRight duration2 eds-on-scroll\"><div class=\"uagb-column__overlay\"><\/div>\n<h2 class=\"wp-block-heading\">Asesor\u00eda en trauma<\/h2>\n\n\n\n<h4 class=\"wp-block-heading has-text-color\" style=\"color:#6e3beb\"><strong>FORTALECIENDO LA RESILIENCIA<\/strong><\/h4>\n\n\n\n<p>La palabra <strong>trauma<\/strong> proviene del griego y generalmente significa lesi\u00f3n, sin especificar qu\u00e9 la provoc\u00f3. En medicina, el t\u00e9rmino trauma se refiere a una lesi\u00f3n f\u00edsica provocada por un accidente o violencia. De manera similar, en psicolog\u00eda, un fuerte shock psicol\u00f3gico causado por una experiencia traum\u00e1tica se denomina psicotrauma.<\/p>\n<\/div>\n<\/div><\/section>\n\n<section class=\"wp-block-uagb-columns uagb-columns__wrap uagb-columns__stack-mobile uagb-columns__valign- uagb-columns__gap-10 alignfull uagb-block-8a60be7a uagb-columns__columns-2 uagb-columns__max_width-theme\"><div class=\"uagb-columns__overlay\"><\/div><div class=\"uagb-columns__inner-wrap uagb-columns__columns-2\">\n<div class=\"wp-block-uagb-column uagb-column__wrap uagb-column__background-undefined uagb-block-0a3471e0\"><div class=\"uagb-column__overlay\"><\/div><\/div>\n\n\n\n<div class=\"wp-block-uagb-column uagb-column__wrap uagb-column__background-undefined uagb-block-0c7cf07e animated fadeInUp duration2 eds-on-scroll\"><div class=\"uagb-column__overlay\"><\/div>\n<p>Los acontecimientos traumatizantes pueden incluir desastres naturales, guerras, toma de rehenes, abusos f\u00edsicos o sexuales o accidentes. Estos eventos pueden causar estr\u00e9s extremo en una persona y crear sentimientos de impotencia o terror. Si no tienes la oportunidad de procesar adecuadamente tus experiencias, puedes desarrollar s\u00edntomas psicol\u00f3gicos, algunos de los cuales son intensos. En aproximadamente un tercio de los afectados, el recuerdo doloroso va acompa\u00f1ado de otras enfermedades psicol\u00f3gicas (como el trastorno de ansiedad o el trastorno l\u00edmite), lo que provoca un sufrimiento adicional. El m\u00e1s conocido de estos cuadros cl\u00ednicos es el llamado trastorno de estr\u00e9s postraum\u00e1tico <strong>(<em>TEPT<\/em>)<\/strong>.<\/p>\n\n\n\n<p>El desarrollo de la resiliencia es importante para el afrontamiento de un trauma. <strong><em>Resiliencia<\/em><\/strong>: <strong><em>la capacidad de una persona<\/em><\/strong> para resistir el estr\u00e9s y adaptarse a la adversidad Ser resiliente es una forma de ser que puede ayudarle a afrontar adecuadamente el estr\u00e9s de su vida sin sentir que haya fracasado o que se haya rendido. La clave est\u00e1 en poder aceptar estas situaciones como parte de su vida. La buena noticia sobre la resiliencia es que no es un rasgo innato de la personalidad, sino una habilidad que se puede aprender, sin importar la edad.<\/p>\n\n\n\n<p>A Antonovsky, madre de la salutog\u00e9nesis y del desarrollo de la resiliencia, a diferencia de la patog\u00e9nesis, no le preocupa la pregunta <strong><em>\u00ab\u00bfPor qu\u00e9 enferman las personas?<\/em><\/strong><strong><em>\u00ab<\/em><\/strong>sino m\u00e1s bien la pregunta \u00ab<strong><em>\u00bfQu\u00e9 las mantiene sanas<\/em><\/strong><strong><em>\u00ab<\/em><\/strong><strong><em>.<\/em><\/strong><strong><em><\/em><\/strong><\/p>\n\n\n\n<p>Un buen eslogan para desarrollar una <strong><em>mentalidad de resiliencia<\/em><\/strong> es el de Robert Frost: <em>\u00abHay tres palabras que describen todo lo que he aprendido sobre la vida: <strong>\u201eSigue hacia delante\u00bb<\/strong><\/em>. <\/p>\n\n\n\n<div style=\"height:30px\" aria-hidden=\"true\" class=\"wp-block-spacer\"><\/div>\n\n\n\n<div class=\"wp-block-buttons is-layout-flex wp-block-buttons-is-layout-flex\">\n<div class=\"wp-block-button\"><a class=\"wp-block-button__link wp-element-button\" href=\"#kontakt\">DA EL PRIMER PASO AHORA<\/a><\/div>\n<\/div>\n<\/div>\n<\/div><\/section>\n\n<section class=\"wp-block-uagb-section uagb-section__wrap uagb-section__background-color alignfull uagb-block-671bf603\"><div class=\"uagb-section__overlay\"><\/div><div class=\"uagb-section__inner-wrap\">\n<h2 class=\"wp-block-heading has-text-align-center animated fadeInUp duration2 eds-on-scroll\">\u00bfQu\u00e9 es la resiliencia?<\/h2>\n\n\n\n<h4 class=\"wp-block-heading has-text-align-center animated fadeInUp duration2 eds-on-scroll has-text-color\" style=\"color:#6e3beb\"><strong>COHERENCIA (CONTEXTOS)<\/strong><\/h4>\n\n\n\n<figure class=\"wp-block-image aligncenter size-large animated fadeInUp duration2 eds-on-scroll\"><a href=\"https:\/\/owm-oneforyou.de\/wp-content\/uploads\/2024\/01\/resilienz-infografik-spanisch_tiny.png\"><img decoding=\"async\" src=\"https:\/\/owm-oneforyou.de\/wp-content\/uploads\/2024\/01\/resilienz-infografik-spanisch_tiny.png\" alt=\"&#xBF;Qu&#xE9; es la resiliencia en el asesoramiento traumatol&#xF3;gico?\" class=\"wp-image-425\" title=\"\"\/><\/a><\/figure>\n<\/div><\/section>\n\n<section class=\"wp-block-uagb-section uagb-section__wrap uagb-section__background-image alignfull uagb-block-b9635a5e extend-grey\"><div class=\"uagb-section__overlay\"><\/div><div class=\"uagb-section__inner-wrap\">\n<a class=\"anchor\" id=\"kontakt\"><\/a>\n\n\n\n<section class=\"wp-block-uagb-section uagb-section__wrap uagb-section__background-undefined uagb-block-2ce57493\"><div class=\"uagb-section__overlay\"><\/div><div class=\"uagb-section__inner-wrap\">\n<h3 class=\"wp-block-heading has-text-align-center has-text-color\" style=\"color:#6e3beb\">Reserve una consulta gratuita* ahora<\/h3>\n\n\n\n<p class=\"has-text-align-center has-small-font-size\">* Si no se desea m\u00e1s asesoramiento despu\u00e9s de la consulta inicial <a rel=\"noreferrer noopener\" href=\"https:\/\/owm-oneforyou.de\/es\/mis-condiciones\/\" target=\"_blank\">(ver condiciones)<\/a><\/p>\n\n\n<div class=\"wpforms-container \" id=\"wpforms-16\"><form id=\"wpforms-form-16\" class=\"wpforms-validate wpforms-form\" data-formid=\"16\" method=\"post\" enctype=\"multipart\/form-data\" action=\"\/es\/wp-json\/wp\/v2\/pages\/1450\" data-token=\"af4f0b13651c6b30390cf7051fdf2e59\" data-token-time=\"1776176921\"><noscript class=\"wpforms-error-noscript\">Por favor, activa JavaScript en tu navegador para completar este formulario.<\/noscript><div class=\"wpforms-field-container\"><div id=\"wpforms-16-field_0-container\" class=\"wpforms-field wpforms-field-name\" data-field-id=\"0\"><label class=\"wpforms-field-label wpforms-label-hide\" for=\"wpforms-16-field_0\">Nombre  <span class=\"wpforms-required-label\">*<\/span><\/label><input type=\"text\" id=\"wpforms-16-field_0\" class=\"wpforms-field-large wpforms-field-required\" name=\"wpforms[fields][0]\" placeholder=\"Nombre\" required><\/div><div id=\"wpforms-16-field_1-container\" class=\"wpforms-field wpforms-field-email\" data-field-id=\"1\"><label class=\"wpforms-field-label wpforms-label-hide\" for=\"wpforms-16-field_1\">Email <span class=\"wpforms-required-label\">*<\/span><\/label><input type=\"email\" id=\"wpforms-16-field_1\" class=\"wpforms-field-large wpforms-field-required\" name=\"wpforms[fields][1]\" placeholder=\"Email\" spellcheck=\"false\" required><\/div><div id=\"wpforms-16-field_4-container\" class=\"wpforms-field wpforms-field-text\" data-field-id=\"4\"><label class=\"wpforms-field-label wpforms-label-hide\" for=\"wpforms-16-field_4\">Asunto <span class=\"wpforms-required-label\">*<\/span><\/label><input type=\"text\" id=\"wpforms-16-field_4\" class=\"wpforms-field-large wpforms-field-required\" name=\"wpforms[fields][4]\" placeholder=\"Asunto\" required><\/div><div id=\"wpforms-16-field_2-container\" class=\"wpforms-field wpforms-field-textarea\" data-field-id=\"2\"><label class=\"wpforms-field-label wpforms-label-hide\" for=\"wpforms-16-field_2\">Mensaje <span class=\"wpforms-required-label\">*<\/span><\/label><textarea id=\"wpforms-16-field_2\" class=\"wpforms-field-medium wpforms-field-required\" name=\"wpforms[fields][2]\" placeholder=\"Mensaje\" required><\/textarea><\/div>\t\t<div id=\"wpforms-16-field_3-container\"\n\t\t\tclass=\"wpforms-field wpforms-field-text\"\n\t\t\tdata-field-type=\"text\"\n\t\t\tdata-field-id=\"3\"\n\t\t\t>\n\t\t\t<label class=\"wpforms-field-label\" for=\"wpforms-16-field_3\" >Protecci\u00f3n  Mensaje<\/label>\n\t\t\t<input type=\"text\" id=\"wpforms-16-field_3\" class=\"wpforms-field-medium\" name=\"wpforms[fields][3]\" >\n\t\t<\/div>\n\t\t<div id=\"wpforms-16-field_5-container\" class=\"wpforms-field wpforms-field-checkbox\" data-field-id=\"5\"><label class=\"wpforms-field-label wpforms-label-hide\">Protecci\u00f3n de datos <span class=\"wpforms-required-label\">*<\/span><\/label><ul id=\"wpforms-16-field_5\" class=\"wpforms-field-required\"><li class=\"choice-1 depth-1\"><input type=\"checkbox\" id=\"wpforms-16-field_5_1\" name=\"wpforms[fields][5][]\" value=\"Protecci\u00f3n de datos\" required ><label class=\"wpforms-field-label-inline\" for=\"wpforms-16-field_5_1\">Protecci\u00f3n de datos<\/label><\/li><\/ul><div class=\"wpforms-field-description\">He le\u00eddo la nota de <a href=\"https:\/\/owm-oneforyou.de\/datenschutzerklaerung\/\">Pol\u00edtica de Privacidad<\/a>. Acepto que mi informaci\u00f3n y mis datos sean recopilados y almacenados electr\u00f3nicamente para responder a mi solicitud. Nota: Puede revocar su consentimiento en cualquier momento en el futuro enviando un correo electr\u00f3nico a wagner-martinez@owm-oneforyou.de.<\/div><\/div><script>\n\t\t\t\t( function() {\n\t\t\t\t\tconst style = document.createElement( 'style' );\n\t\t\t\t\tstyle.appendChild( document.createTextNode( '#wpforms-16-field_3-container { position: absolute !important; overflow: hidden !important; display: inline !important; height: 1px !important; width: 1px !important; z-index: -1000 !important; padding: 0 !important; } #wpforms-16-field_3-container input { visibility: hidden; } #wpforms-conversational-form-page #wpforms-16-field_3-container label { counter-increment: none; }' ) );\n\t\t\t\t\tdocument.head.appendChild( style );\n\t\t\t\t\tdocument.currentScript?.remove();\n\t\t\t\t} )();\n\t\t\t<\/script><\/div><!-- .wpforms-field-container --><div class=\"wpforms-field wpforms-field-hp\"><label for=\"wpforms-16-field-hp\" class=\"wpforms-field-label\">Website<\/label><input type=\"text\" name=\"wpforms[hp]\" id=\"wpforms-16-field-hp\" class=\"wpforms-field-medium\"><\/div><div class=\"wpforms-submit-container\" ><input type=\"hidden\" name=\"wpforms[id]\" value=\"16\"><input type=\"hidden\" name=\"page_title\" value=\"\"><input type=\"hidden\" name=\"page_url\" value=\"https:\/\/owm-oneforyou.de\/es\/wp-json\/wp\/v2\/pages\/1450\"><input type=\"hidden\" name=\"url_referer\" value=\"\"><button type=\"submit\" name=\"wpforms[submit]\" id=\"wpforms-submit-16\" class=\"wpforms-submit\" data-alt-text=\"en curso...\" data-submit-text=\"Enviar\" aria-live=\"assertive\" value=\"wpforms-submit\">Enviar<\/button><\/div><\/form><\/div>  <!-- .wpforms-container -->\n<\/div><\/section>\n<\/div><\/section>\n","protected":false},"excerpt":{"rendered":"<p>Asesor\u00eda en trauma FORTALECIENDO LA RESILIENCIA La palabra trauma proviene del griego y generalmente significa lesi\u00f3n, sin especificar qu\u00e9 la provoc\u00f3. En medicina, el t\u00e9rmino trauma se refiere a una lesi\u00f3n f\u00edsica provocada por un accidente o violencia. De manera similar, en psicolog\u00eda, un fuerte shock psicol\u00f3gico causado por una experiencia traum\u00e1tica se denomina psicotrauma. [&hellip;]<\/p>\n","protected":false},"author":3,"featured_media":0,"parent":0,"menu_order":0,"comment_status":"closed","ping_status":"closed","template":"","meta":{"_uag_custom_page_level_css":"","site-sidebar-layout":"no-sidebar","site-content-layout":"plain-container","ast-site-content-layout":"normal-width-container","site-content-style":"unboxed","site-sidebar-style":"unboxed","ast-global-header-display":"","ast-banner-title-visibility":"","ast-main-header-display":"","ast-hfb-above-header-display":"","ast-hfb-below-header-display":"","ast-hfb-mobile-header-display":"","site-post-title":"disabled","ast-breadcrumbs-content":"","ast-featured-img":"disabled","footer-sml-layout":"","ast-disable-related-posts":"","theme-transparent-header-meta":"default","adv-header-id-meta":"","stick-header-meta":"","header-above-stick-meta":"","header-main-stick-meta":"","header-below-stick-meta":"","astra-migrate-meta-layouts":"default","ast-page-background-enabled":"default","ast-page-background-meta":{"desktop":{"background-color":"","background-image":"","background-repeat":"repeat","background-position":"center center","background-size":"auto","background-attachment":"scroll","background-type":"","background-media":"","overlay-type":"","overlay-color":"","overlay-opacity":"","overlay-gradient":""},"tablet":{"background-color":"","background-image":"","background-repeat":"repeat","background-position":"center center","background-size":"auto","background-attachment":"scroll","background-type":"","background-media":"","overlay-type":"","overlay-color":"","overlay-opacity":"","overlay-gradient":""},"mobile":{"background-color":"","background-image":"","background-repeat":"repeat","background-position":"center center","background-size":"auto","background-attachment":"scroll","background-type":"","background-media":"","overlay-type":"","overlay-color":"","overlay-opacity":"","overlay-gradient":""}},"ast-content-background-meta":{"desktop":{"background-color":"var(--ast-global-color-5)","background-image":"","background-repeat":"repeat","background-position":"center center","background-size":"auto","background-attachment":"scroll","background-type":"","background-media":"","overlay-type":"","overlay-color":"","overlay-opacity":"","overlay-gradient":""},"tablet":{"background-color":"var(--ast-global-color-5)","background-image":"","background-repeat":"repeat","background-position":"center center","background-size":"auto","background-attachment":"scroll","background-type":"","background-media":"","overlay-type":"","overlay-color":"","overlay-opacity":"","overlay-gradient":""},"mobile":{"background-color":"var(--ast-global-color-5)","background-image":"","background-repeat":"repeat","background-position":"center center","background-size":"auto","background-attachment":"scroll","background-type":"","background-media":"","overlay-type":"","overlay-color":"","overlay-opacity":"","overlay-gradient":""}},"footnotes":""},"class_list":["post-1450","page","type-page","status-publish","hentry"],"uagb_featured_image_src":{"full":false,"thumbnail":false,"medium":false,"medium_large":false,"large":false,"1536x1536":false,"2048x2048":false},"uagb_author_info":{"display_name":"Oscar Wagner-Martinez","author_link":"https:\/\/owm-oneforyou.de\/es\/author\/oscar\/"},"uagb_comment_info":0,"uagb_excerpt":"Asesor\u00eda en trauma FORTALECIENDO LA RESILIENCIA La palabra trauma proviene del griego y generalmente significa lesi\u00f3n, sin especificar qu\u00e9 la provoc\u00f3. En medicina, el t\u00e9rmino trauma se refiere a una lesi\u00f3n f\u00edsica provocada por un accidente o violencia. De manera similar, en psicolog\u00eda, un fuerte shock psicol\u00f3gico causado por una experiencia traum\u00e1tica se denomina psicotrauma.&hellip;","_links":{"self":[{"href":"https:\/\/owm-oneforyou.de\/es\/wp-json\/wp\/v2\/pages\/1450","targetHints":{"allow":["GET"]}}],"collection":[{"href":"https:\/\/owm-oneforyou.de\/es\/wp-json\/wp\/v2\/pages"}],"about":[{"href":"https:\/\/owm-oneforyou.de\/es\/wp-json\/wp\/v2\/types\/page"}],"author":[{"embeddable":true,"href":"https:\/\/owm-oneforyou.de\/es\/wp-json\/wp\/v2\/users\/3"}],"replies":[{"embeddable":true,"href":"https:\/\/owm-oneforyou.de\/es\/wp-json\/wp\/v2\/comments?post=1450"}],"version-history":[{"count":0,"href":"https:\/\/owm-oneforyou.de\/es\/wp-json\/wp\/v2\/pages\/1450\/revisions"}],"wp:attachment":[{"href":"https:\/\/owm-oneforyou.de\/es\/wp-json\/wp\/v2\/media?parent=1450"}],"curies":[{"name":"wp","href":"https:\/\/api.w.org\/{rel}","templated":true}]}}