{"id":1452,"date":"2021-03-29T16:31:25","date_gmt":"2021-03-29T14:31:25","guid":{"rendered":"https:\/\/owm-oneforyou.de\/conocimiento\/"},"modified":"2024-01-22T11:08:48","modified_gmt":"2024-01-22T10:08:48","slug":"conocimiento","status":"publish","type":"page","link":"https:\/\/owm-oneforyou.de\/es\/conocimiento\/","title":{"rendered":"Conocimiento"},"content":{"rendered":"\n<section class=\"wp-block-uagb-columns uagb-columns__wrap uagb-columns__background-none uagb-columns__stack-mobile uagb-columns__valign-center uagb-columns__gap-10 alignfull uagb-block-dcce4a6f uagb-columns__columns-2 uagb-columns__max_width-theme\"><div class=\"uagb-columns__overlay\"><\/div><div class=\"uagb-columns__inner-wrap uagb-columns__columns-2\">\n<div class=\"wp-block-uagb-column uagb-column__wrap uagb-column__background-undefined uagb-block-48344971 animated fadeInLeft duration2 eds-on-scroll\"><div class=\"uagb-column__overlay\"><\/div>\n<figure class=\"wp-block-image aligncenter size-large is-style-rounded\"><img decoding=\"async\" width=\"500\" height=\"500\" src=\"https:\/\/owm-oneforyou.de\/wp-content\/uploads\/2021\/03\/martinez.png\" alt=\"\" class=\"wp-image-330\" srcset=\"https:\/\/owm-oneforyou.de\/wp-content\/uploads\/2021\/03\/martinez.png 500w, https:\/\/owm-oneforyou.de\/wp-content\/uploads\/2021\/03\/martinez-300x300.png 300w, https:\/\/owm-oneforyou.de\/wp-content\/uploads\/2021\/03\/martinez-150x150.png 150w\" sizes=\"(max-width: 500px) 100vw, 500px\" \/><\/figure>\n<\/div>\n\n\n\n<div class=\"wp-block-uagb-column uagb-column__wrap uagb-column__background-undefined uagb-block-9d4c62f0 animated fadeInRight duration2 eds-on-scroll\"><div class=\"uagb-column__overlay\"><\/div>\n<h2 class=\"wp-block-heading\">Lo que me caracteriza<\/h2>\n\n\n\n<h4 class=\"wp-block-heading has-text-color\" style=\"color:#6e3beb\"><strong>CONOCIMIENTO. EXPERIENCIA. CALIFICACI\u00d3N.<\/strong><\/h4>\n\n\n\n<p>Mi nombre es Oscar Wagner-Martinez, soy licenciado en Educaci\u00f3n Social y trabajo como consejero especializado en abuso de sustancias y adicciones en Kodrobs Eimsb\u00fcttel.<\/p>\n<\/div>\n<\/div><\/section>\n\n<section class=\"wp-block-uagb-columns uagb-columns__wrap uagb-columns__background-none uagb-columns__stack-mobile uagb-columns__valign- uagb-columns__gap-10 alignfull uagb-block-b14b83d0 uagb-columns__columns-2 uagb-columns__max_width-theme\"><div class=\"uagb-columns__overlay\"><\/div><div class=\"uagb-columns__inner-wrap uagb-columns__columns-2\">\n<div class=\"wp-block-uagb-column uagb-column__wrap uagb-column__background-undefined uagb-block-91c34723\"><div class=\"uagb-column__overlay\"><\/div><\/div>\n\n\n\n<div class=\"wp-block-uagb-column uagb-column__wrap uagb-column__background-undefined uagb-block-eec7a487 animated fadeInUp duration2 eds-on-scroll\"><div class=\"uagb-column__overlay\"><\/div>\n<p>A lo largo de los a\u00f1os me he formado en muchas \u00e1reas y contin\u00fao haci\u00e9ndolo para apoyar a otros en su resoluci\u00f3n de problemas y desarrollo personal. Esto incluye las \u00e1reas<\/p>\n\n\n\n<ul class=\"wp-block-list\">\n<li>Practicante de medicina alternativa en psicoterapia<\/li>\n\n\n\n<li>Hipnosis<\/li>\n\n\n\n<li>Procedimientos sist\u00e9micos.<\/li>\n\n\n\n<li>ILP\u00ae Coach (Psicolog\u00eda Integrada Orientada a Soluciones).<\/li>\n\n\n\n<li>Consultor\/educador en trauma.<\/li>\n\n\n\n<li>Gerentes y organizaciones. <\/li>\n<\/ul>\n\n\n\n<p><\/p>\n<\/div>\n<\/div><\/section>\n\n<section class=\"wp-block-uagb-columns uagb-columns__wrap uagb-columns__background-color uagb-columns__stack-mobile uagb-columns__valign-center uagb-columns__gap-10 alignfull uagb-block-ee69c2dc uagb-columns__columns-2 uagb-columns__max_width-theme\"><div class=\"uagb-columns__overlay\"><\/div><div class=\"uagb-columns__inner-wrap uagb-columns__columns-2\">\n<div class=\"wp-block-uagb-column uagb-column__wrap uagb-column__background-undefined uagb-block-5c42b940 animated fadeInLeft duration2 eds-on-scroll\"><div class=\"uagb-column__overlay\"><\/div>\n<h2 class=\"wp-block-heading\">CAPACIDADES<\/h2>\n\n\n\n<h4 class=\"wp-block-heading has-text-color\" style=\"color:#6e3beb\"><strong>SABER HACER DE M\u00c1S DE 20 A\u00d1OS<\/strong><\/h4>\n\n\n\n<p>Debido a mis m\u00e1s de 20 a\u00f1os de experiencia profesional y mi amplia formaci\u00f3n educativa, puedo ofrecerle conocimientos y experiencia en los siguientes sectores y \u00e1reas tem\u00e1ticas:<\/p>\n\n\n\n<ul class=\"wp-block-list\">\n<li>Guarder\u00edas y escuelas infantiles.<\/li>\n\n\n\n<li>Colegios.<\/li>\n\n\n\n<li>Familia.<\/li>\n\n\n\n<li>Sociolog\u00eda\/Sanidad.<\/li>\n\n\n\n<li>Empresas.<\/li>\n\n\n\n<li>Desarrollo personal.<\/li>\n\n\n\n<li>Adicciones.<\/li>\n\n\n\n<li>Trauma.<\/li>\n<\/ul>\n<\/div>\n\n\n\n<div class=\"wp-block-uagb-column uagb-column__wrap uagb-column__background-undefined uagb-block-ae61fcad animated fadeInRight duration2 eds-on-scroll\"><div class=\"uagb-column__overlay\"><\/div>\n<figure class=\"wp-block-image aligncenter size-large is-style-rounded\"><img decoding=\"async\" width=\"500\" height=\"500\" src=\"https:\/\/owm-oneforyou.de\/wp-content\/uploads\/2021\/03\/martinez-coach.png\" alt=\"\" class=\"wp-image-376\" srcset=\"https:\/\/owm-oneforyou.de\/wp-content\/uploads\/2021\/03\/martinez-coach.png 500w, https:\/\/owm-oneforyou.de\/wp-content\/uploads\/2021\/03\/martinez-coach-300x300.png 300w, https:\/\/owm-oneforyou.de\/wp-content\/uploads\/2021\/03\/martinez-coach-150x150.png 150w\" sizes=\"(max-width: 500px) 100vw, 500px\" \/><\/figure>\n<\/div>\n<\/div><\/section>\n\n<section class=\"wp-block-uagb-columns uagb-columns__wrap uagb-columns__background-none uagb-columns__stack-mobile uagb-columns__valign- uagb-columns__gap-10 alignfull uagb-block-f6b7e2b4 uagb-columns__columns-2 uagb-columns__max_width-theme\"><div class=\"uagb-columns__overlay\"><\/div><div class=\"uagb-columns__inner-wrap uagb-columns__columns-2\">\n<div class=\"wp-block-uagb-column uagb-column__wrap uagb-column__background-undefined uagb-block-078baeee animated fadeInLeft duration2 eds-on-scroll\"><div class=\"uagb-column__overlay\"><\/div>\n<figure class=\"wp-block-image aligncenter size-large is-style-rounded\"><img decoding=\"async\" width=\"500\" height=\"500\" src=\"https:\/\/owm-oneforyou.de\/wp-content\/uploads\/2021\/03\/qualifikation-schreibtisch.png\" alt=\"\" class=\"wp-image-384\" srcset=\"https:\/\/owm-oneforyou.de\/wp-content\/uploads\/2021\/03\/qualifikation-schreibtisch.png 500w, https:\/\/owm-oneforyou.de\/wp-content\/uploads\/2021\/03\/qualifikation-schreibtisch-300x300.png 300w, https:\/\/owm-oneforyou.de\/wp-content\/uploads\/2021\/03\/qualifikation-schreibtisch-150x150.png 150w\" sizes=\"(max-width: 500px) 100vw, 500px\" \/><\/figure>\n<\/div>\n\n\n\n<div class=\"wp-block-uagb-column uagb-column__wrap uagb-column__background-undefined uagb-block-1c57a549 animated fadeInRight duration2 eds-on-scroll\"><div class=\"uagb-column__overlay\"><\/div>\n<h2 class=\"wp-block-heading\">Experiencia y formaci\u00f3n<\/h2>\n\n\n\n<div style=\"height:20px\" aria-hidden=\"true\" class=\"wp-block-spacer\"><\/div>\n\n\n\n<ul class=\"wp-block-list\">\n<li>Coach Sist\u00e9mico: En la Academia Social<\/li>\n\n\n\n<li>Ponente del Seminario Plesner y del SPZ (centro de prevenci\u00f3n de adicciones)<\/li>\n\n\n\n<li>Asesor\/educador en trauma: Zep (Centro de Psicotraumalog\u00eda) Hamburgo<\/li>\n\n\n\n<li>M\u00e9dico alternativo para la psicoterapia: Green School Hamburg<\/li>\n\n\n\n<li>Coach ILP: formaci\u00f3n en la escuela t\u00e9cnica ILP en Hamburgo\/Schleswig-Holstein<\/li>\n\n\n\n<li>Gerente: C\u00e1mara de Comercio de la Industria IHK<\/li>\n\n\n\n<li>Director General Fit4seasons GmbH<\/li>\n\n\n\n<li>Consejero especializado en abuso de sustancias y adicciones<\/li>\n\n\n\n<li>Diploma en educaci\u00f3n social y trabajo social, reconocido por el estado en HAW Hamburgo. <strong>Enfoque<\/strong>: Asesoramiento sobre crianza de hijos basado en la conversaci\u00f3n centrada en el cliente de Carl Rogers.<\/li>\n\n\n\n<li>Diplomado en pedagog\u00eda social y educador reconocido por el estado.<\/li>\n\n\n\n<li>Escritor<\/li>\n\n\n\n<li>Asesoramiento\/terapia biling\u00fce en <strong>alem\u00e1n<\/strong> y <strong>espa\u00f1ol<\/strong><\/li>\n<\/ul>\n<\/div>\n<\/div><\/section>\n\n<section class=\"wp-block-uagb-columns uagb-columns__wrap uagb-columns__background-none uagb-columns__stack-mobile uagb-columns__valign- uagb-columns__gap-10 align uagb-block-35298aba uagb-columns__columns-3 uagb-columns__max_width-custom\"><div class=\"uagb-columns__overlay\"><\/div><div class=\"uagb-columns__inner-wrap uagb-columns__columns-3\">\n<div class=\"wp-block-uagb-column uagb-column__wrap uagb-column__background-undefined uagb-block-fa160ada\"><div class=\"uagb-column__overlay\"><\/div>\n<figure class=\"wp-block-image aligncenter size-large animated fadeInUp duration2 eds-on-scroll\"><a href=\"https:\/\/www.amazon.de\/Klang-meines-Traumes-Oscar-Wagner-Martinez\/dp\/3849503062\" target=\"_blank\" rel=\"noopener\"><img decoding=\"async\" width=\"900\" height=\"900\" src=\"https:\/\/owm-oneforyou.de\/wp-content\/uploads\/2021\/04\/buch-der-klang-meines-traums.png\" alt=\"\" class=\"wp-image-558\" srcset=\"https:\/\/owm-oneforyou.de\/wp-content\/uploads\/2021\/04\/buch-der-klang-meines-traums.png 900w, https:\/\/owm-oneforyou.de\/wp-content\/uploads\/2021\/04\/buch-der-klang-meines-traums-300x300.png 300w, https:\/\/owm-oneforyou.de\/wp-content\/uploads\/2021\/04\/buch-der-klang-meines-traums-150x150.png 150w, https:\/\/owm-oneforyou.de\/wp-content\/uploads\/2021\/04\/buch-der-klang-meines-traums-768x768.png 768w\" sizes=\"(max-width: 900px) 100vw, 900px\" \/><\/a><\/figure>\n\n\n\n<h4 class=\"wp-block-heading has-text-align-center animated fadeIn duration2 eds-on-scroll\" style=\"font-size:16px\"><strong>Der Klang meines Traumes<\/strong><\/h4>\n\n\n\n<div class=\"wp-block-buttons is-horizontal is-content-justification-center is-layout-flex wp-container-core-buttons-is-layout-03627597 wp-block-buttons-is-layout-flex\">\n<div class=\"wp-block-button animated fadeIn duration2 eds-on-scroll\"><a class=\"wp-block-button__link wp-element-button\" href=\"https:\/\/www.amazon.de\/Klang-meines-Traumes-Oscar-Wagner-Martinez\/dp\/3849503062\" target=\"_blank\" rel=\"noreferrer noopener\">Comprar libro en Amazon<\/a><\/div>\n<\/div>\n<\/div>\n\n\n\n<div class=\"wp-block-uagb-column uagb-column__wrap uagb-column__background-undefined uagb-block-e984eeac\"><div class=\"uagb-column__overlay\"><\/div>\n<figure class=\"wp-block-image aligncenter size-large animated fadeInUp duration2 eds-on-scroll\"><a href=\"https:\/\/www.amazon.de\/Noch-15-Minuten-Oscar-Wagner-Martinez\/dp\/3845918969\/\" target=\"_blank\" rel=\"noopener\"><img decoding=\"async\" width=\"900\" height=\"900\" src=\"https:\/\/owm-oneforyou.de\/wp-content\/uploads\/2021\/04\/buch-noch-15-minuten.png\" alt=\"\" class=\"wp-image-559\" srcset=\"https:\/\/owm-oneforyou.de\/wp-content\/uploads\/2021\/04\/buch-noch-15-minuten.png 900w, https:\/\/owm-oneforyou.de\/wp-content\/uploads\/2021\/04\/buch-noch-15-minuten-300x300.png 300w, https:\/\/owm-oneforyou.de\/wp-content\/uploads\/2021\/04\/buch-noch-15-minuten-150x150.png 150w, https:\/\/owm-oneforyou.de\/wp-content\/uploads\/2021\/04\/buch-noch-15-minuten-768x768.png 768w\" sizes=\"(max-width: 900px) 100vw, 900px\" \/><\/a><\/figure>\n\n\n\n<h4 class=\"wp-block-heading has-text-align-center animated fadeIn duration2 eds-on-scroll\" style=\"font-size:16px\"><strong>Noch 15 Minuten<\/strong><\/h4>\n\n\n\n<div class=\"wp-block-buttons is-horizontal is-content-justification-center is-layout-flex wp-container-core-buttons-is-layout-03627597 wp-block-buttons-is-layout-flex\">\n<div class=\"wp-block-button animated fadeIn duration2 eds-on-scroll\"><a class=\"wp-block-button__link wp-element-button\" href=\"https:\/\/www.amazon.de\/Noch-15-Minuten-Oscar-Wagner-Martinez\/dp\/3845918969\/\" target=\"_blank\" rel=\"noreferrer noopener\">Comprar libro en Amazon<\/a><\/div>\n<\/div>\n<\/div>\n\n\n\n<div class=\"wp-block-uagb-column uagb-column__wrap uagb-column__background-undefined uagb-block-e4cb01bc\"><div class=\"uagb-column__overlay\"><\/div>\n<figure class=\"wp-block-image size-full animated fadeInUp duration2 eds-on-scroll drittes-buch\"><img decoding=\"async\" width=\"900\" height=\"900\" src=\"https:\/\/owm-oneforyou.de\/wp-content\/uploads\/2024\/01\/ein-bunter-rucksack-buch-1.png\" alt=\"\" class=\"wp-image-1284\" srcset=\"https:\/\/owm-oneforyou.de\/wp-content\/uploads\/2024\/01\/ein-bunter-rucksack-buch-1.png 900w, https:\/\/owm-oneforyou.de\/wp-content\/uploads\/2024\/01\/ein-bunter-rucksack-buch-1-300x300.png 300w, https:\/\/owm-oneforyou.de\/wp-content\/uploads\/2024\/01\/ein-bunter-rucksack-buch-1-150x150.png 150w, https:\/\/owm-oneforyou.de\/wp-content\/uploads\/2024\/01\/ein-bunter-rucksack-buch-1-768x768.png 768w\" sizes=\"(max-width: 900px) 100vw, 900px\" \/><\/figure>\n\n\n\n<h4 class=\"wp-block-heading has-text-align-center animated fadeIn duration2 eds-on-scroll\" style=\"font-size:16px\"><strong>Ein bunter Rucksack, der dir helfen k\u00f6nnte<\/strong><\/h4>\n\n\n\n<div class=\"wp-block-buttons is-horizontal is-content-justification-center is-layout-flex wp-container-core-buttons-is-layout-03627597 wp-block-buttons-is-layout-flex\">\n<div class=\"wp-block-button animated fadeIn duration2 eds-on-scroll\"><a class=\"wp-block-button__link wp-element-button\" href=\"https:\/\/amzn.eu\/d\/gxcJJSf\" target=\"_blank\" rel=\"noreferrer noopener\">Comprar libro en Amazon<\/a><\/div>\n<\/div>\n<\/div>\n<\/div><\/section>\n","protected":false},"excerpt":{"rendered":"<p>Lo que me caracteriza CONOCIMIENTO. EXPERIENCIA. CALIFICACI\u00d3N. Mi nombre es Oscar Wagner-Martinez, soy licenciado en Educaci\u00f3n Social y trabajo como consejero especializado en abuso de sustancias y adicciones en Kodrobs Eimsb\u00fcttel. A lo largo de los a\u00f1os me he formado en muchas \u00e1reas y contin\u00fao haci\u00e9ndolo para apoyar a otros en su resoluci\u00f3n de problemas [&hellip;]<\/p>\n","protected":false},"author":3,"featured_media":0,"parent":0,"menu_order":0,"comment_status":"closed","ping_status":"closed","template":"","meta":{"_uag_custom_page_level_css":"","site-sidebar-layout":"no-sidebar","site-content-layout":"plain-container","ast-site-content-layout":"normal-width-container","site-content-style":"unboxed","site-sidebar-style":"unboxed","ast-global-header-display":"","ast-banner-title-visibility":"","ast-main-header-display":"","ast-hfb-above-header-display":"","ast-hfb-below-header-display":"","ast-hfb-mobile-header-display":"","site-post-title":"disabled","ast-breadcrumbs-content":"","ast-featured-img":"disabled","footer-sml-layout":"","ast-disable-related-posts":"","theme-transparent-header-meta":"disabled","adv-header-id-meta":"","stick-header-meta":"","header-above-stick-meta":"","header-main-stick-meta":"","header-below-stick-meta":"","astra-migrate-meta-layouts":"default","ast-page-background-enabled":"default","ast-page-background-meta":{"desktop":{"background-color":"","background-image":"","background-repeat":"repeat","background-position":"center center","background-size":"auto","background-attachment":"scroll","background-type":"","background-media":"","overlay-type":"","overlay-color":"","overlay-opacity":"","overlay-gradient":""},"tablet":{"background-color":"","background-image":"","background-repeat":"repeat","background-position":"center center","background-size":"auto","background-attachment":"scroll","background-type":"","background-media":"","overlay-type":"","overlay-color":"","overlay-opacity":"","overlay-gradient":""},"mobile":{"background-color":"","background-image":"","background-repeat":"repeat","background-position":"center center","background-size":"auto","background-attachment":"scroll","background-type":"","background-media":"","overlay-type":"","overlay-color":"","overlay-opacity":"","overlay-gradient":""}},"ast-content-background-meta":{"desktop":{"background-color":"var(--ast-global-color-5)","background-image":"","background-repeat":"repeat","background-position":"center center","background-size":"auto","background-attachment":"scroll","background-type":"","background-media":"","overlay-type":"","overlay-color":"","overlay-opacity":"","overlay-gradient":""},"tablet":{"background-color":"var(--ast-global-color-5)","background-image":"","background-repeat":"repeat","background-position":"center center","background-size":"auto","background-attachment":"scroll","background-type":"","background-media":"","overlay-type":"","overlay-color":"","overlay-opacity":"","overlay-gradient":""},"mobile":{"background-color":"var(--ast-global-color-5)","background-image":"","background-repeat":"repeat","background-position":"center center","background-size":"auto","background-attachment":"scroll","background-type":"","background-media":"","overlay-type":"","overlay-color":"","overlay-opacity":"","overlay-gradient":""}},"footnotes":""},"class_list":["post-1452","page","type-page","status-publish","hentry"],"uagb_featured_image_src":{"full":false,"thumbnail":false,"medium":false,"medium_large":false,"large":false,"1536x1536":false,"2048x2048":false},"uagb_author_info":{"display_name":"Oscar Wagner-Martinez","author_link":"https:\/\/owm-oneforyou.de\/es\/author\/oscar\/"},"uagb_comment_info":0,"uagb_excerpt":"Lo que me caracteriza CONOCIMIENTO. EXPERIENCIA. CALIFICACI\u00d3N. Mi nombre es Oscar Wagner-Martinez, soy licenciado en Educaci\u00f3n Social y trabajo como consejero especializado en abuso de sustancias y adicciones en Kodrobs Eimsb\u00fcttel. A lo largo de los a\u00f1os me he formado en muchas \u00e1reas y contin\u00fao haci\u00e9ndolo para apoyar a otros en su resoluci\u00f3n de problemas&hellip;","_links":{"self":[{"href":"https:\/\/owm-oneforyou.de\/es\/wp-json\/wp\/v2\/pages\/1452","targetHints":{"allow":["GET"]}}],"collection":[{"href":"https:\/\/owm-oneforyou.de\/es\/wp-json\/wp\/v2\/pages"}],"about":[{"href":"https:\/\/owm-oneforyou.de\/es\/wp-json\/wp\/v2\/types\/page"}],"author":[{"embeddable":true,"href":"https:\/\/owm-oneforyou.de\/es\/wp-json\/wp\/v2\/users\/3"}],"replies":[{"embeddable":true,"href":"https:\/\/owm-oneforyou.de\/es\/wp-json\/wp\/v2\/comments?post=1452"}],"version-history":[{"count":1,"href":"https:\/\/owm-oneforyou.de\/es\/wp-json\/wp\/v2\/pages\/1452\/revisions"}],"predecessor-version":[{"id":1536,"href":"https:\/\/owm-oneforyou.de\/es\/wp-json\/wp\/v2\/pages\/1452\/revisions\/1536"}],"wp:attachment":[{"href":"https:\/\/owm-oneforyou.de\/es\/wp-json\/wp\/v2\/media?parent=1452"}],"curies":[{"name":"wp","href":"https:\/\/api.w.org\/{rel}","templated":true}]}}